{"id":696,"date":"2017-03-13T15:13:14","date_gmt":"2017-03-13T14:13:14","guid":{"rendered":"https:\/\/www.preinerwein.at\/shop\/blaufraenkisch-purpur-koenigskerze\/"},"modified":"2024-05-22T13:59:51","modified_gmt":"2024-05-22T11:59:51","slug":"blaufraenkisch-purpur-koenigskerze","status":"publish","type":"product","link":"https:\/\/www.preinerwein.at\/en\/shop\/blaufraenkisch-purpur-koenigskerze\/","title":{"rendered":"Blaufr\u00e4nkisch \u2013 Purpur K\u00f6nigskerze (purple mullein)"},"content":{"rendered":"<p>The Blaufr\u00e4nkisch reminds by purplish-purple color reflections of the purple mullein, which prefers loamy soils like the Blaufr\u00e4nkisch. He smells of blackberries and blueberry. On the palate you can also taste blackberry and blueberry as well as plum. A strong and full of red wine with supporting acid and 13% vol., which prepares a nice finish.<\/p>\n<p>That is why our Blaufr\u00e4nkisch harmonizes with its berry and fruit aromas and the supporting acidity with steaks as well as roe-buck and lamb chops.<\/p>\n","protected":false},"excerpt":{"rendered":"<p>Vintage 2022<\/p>\n","protected":false},"featured_media":625,"template":"","meta":[],"product_cat":[42],"product_tag":[],"_links":{"self":[{"href":"https:\/\/www.preinerwein.at\/en\/wp-json\/wp\/v2\/product\/696"}],"collection":[{"href":"https:\/\/www.preinerwein.at\/en\/wp-json\/wp\/v2\/product"}],"about":[{"href":"https:\/\/www.preinerwein.at\/en\/wp-json\/wp\/v2\/types\/product"}],"wp:featuredmedia":[{"embeddable":true,"href":"https:\/\/www.preinerwein.at\/en\/wp-json\/wp\/v2\/media\/625"}],"wp:attachment":[{"href":"https:\/\/www.preinerwein.at\/en\/wp-json\/wp\/v2\/media?parent=696"}],"wp:term":[{"taxonomy":"product_cat","embeddable":true,"href":"https:\/\/www.preinerwein.at\/en\/wp-json\/wp\/v2\/product_cat?post=696"},{"taxonomy":"product_tag","embeddable":true,"href":"https:\/\/www.preinerwein.at\/en\/wp-json\/wp\/v2\/product_tag?post=696"}],"curies":[{"name":"wp","href":"https:\/\/api.w.org\/{rel}","templated":true}]}}